{"id":231,"date":"2024-02-02T14:56:18","date_gmt":"2024-02-02T13:56:18","guid":{"rendered":"https:\/\/eibpegomas.fr\/?page_id=231"},"modified":"2024-04-06T22:45:58","modified_gmt":"2024-04-06T20:45:58","slug":"ecole","status":"publish","type":"page","link":"https:\/\/eibpegomas.fr\/en\/ecole\/","title":{"rendered":"The School"},"content":{"rendered":"<div data-elementor-type=\"wp-page\" data-elementor-id=\"231\" class=\"elementor elementor-231\" data-elementor-post-type=\"page\">\n\t\t\t\t\t\t<section class=\"elementor-section elementor-top-section elementor-element elementor-element-50ecbc21 elementor-section-full_width elementor-section-height-default elementor-section-height-default\" data-id=\"50ecbc21\" data-element_type=\"section\" data-settings=\"{&quot;background_background&quot;:&quot;classic&quot;}\">\n\t\t\t\t\t\t\t<div class=\"elementor-background-overlay\"><\/div>\n\t\t\t\t\t\t\t<div class=\"elementor-container elementor-column-gap-no\">\n\t\t\t\t\t<div class=\"elementor-column elementor-col-100 elementor-top-column elementor-element elementor-element-5a7c6b80\" data-id=\"5a7c6b80\" data-element_type=\"column\" data-settings=\"{&quot;background_background&quot;:&quot;classic&quot;}\">\n\t\t\t<div class=\"elementor-widget-wrap\">\n\t\t\t\t\t<div class=\"elementor-background-overlay\"><\/div>\n\t\t\t\t\t\t\t<\/div>\n\t\t<\/div>\n\t\t\t\t\t<\/div>\n\t\t<\/section>\n\t\t\t\t<section class=\"elementor-section elementor-top-section elementor-element elementor-element-57b8c65f elementor-section-boxed elementor-section-height-default elementor-section-height-default\" data-id=\"57b8c65f\" data-element_type=\"section\">\n\t\t\t\t\t\t\t<div class=\"elementor-background-overlay\"><\/div>\n\t\t\t\t\t\t\t<div class=\"elementor-container elementor-column-gap-default\">\n\t\t\t\t\t<div class=\"elementor-column elementor-col-100 elementor-top-column elementor-element elementor-element-201f099d\" data-id=\"201f099d\" data-element_type=\"column\">\n\t\t\t<div class=\"elementor-widget-wrap elementor-element-populated\">\n\t\t\t\t\t\t<div class=\"elementor-element elementor-element-4e63bac1 elementor-widget elementor-widget-heading\" data-id=\"4e63bac1\" data-element_type=\"widget\" data-widget_type=\"heading.default\">\n\t\t\t\t<div class=\"elementor-widget-container\">\n\t\t\t<h2 class=\"elementor-heading-title elementor-size-default\">EIB P\u00c9GOMAS - THE SCHOOL OF SUCCESS<\/h2>\t\t<\/div>\n\t\t\t\t<\/div>\n\t\t\t\t\t<\/div>\n\t\t<\/div>\n\t\t\t\t\t<\/div>\n\t\t<\/section>\n\t\t\t\t<section class=\"elementor-section elementor-top-section elementor-element elementor-element-33aa591c elementor-section-boxed elementor-section-height-default elementor-section-height-default\" data-id=\"33aa591c\" data-element_type=\"section\" data-settings=\"{&quot;background_background&quot;:&quot;classic&quot;}\">\n\t\t\t\t\t\t<div class=\"elementor-container elementor-column-gap-default\">\n\t\t\t\t\t<div class=\"elementor-column elementor-col-100 elementor-top-column elementor-element elementor-element-5a1a53be\" data-id=\"5a1a53be\" data-element_type=\"column\">\n\t\t\t<div class=\"elementor-widget-wrap elementor-element-populated\">\n\t\t\t\t\t\t<div class=\"elementor-element elementor-element-4265b579 elementor-widget elementor-widget-spacer\" data-id=\"4265b579\" data-element_type=\"widget\" data-widget_type=\"spacer.default\">\n\t\t\t\t<div class=\"elementor-widget-container\">\n\t\t\t\t\t<div class=\"elementor-spacer\">\n\t\t\t<div class=\"elementor-spacer-inner\"><\/div>\n\t\t<\/div>\n\t\t\t\t<\/div>\n\t\t\t\t<\/div>\n\t\t\t\t\t<\/div>\n\t\t<\/div>\n\t\t\t\t\t<\/div>\n\t\t<\/section>\n\t\t\t\t<section class=\"elementor-section elementor-top-section elementor-element elementor-element-6542242f elementor-section-boxed elementor-section-height-default elementor-section-height-default\" data-id=\"6542242f\" data-element_type=\"section\">\n\t\t\t\t\t\t<div class=\"elementor-container elementor-column-gap-default\">\n\t\t\t\t\t<div class=\"elementor-column elementor-col-50 elementor-top-column elementor-element elementor-element-f85f5ef elementor-hidden-mobile\" data-id=\"f85f5ef\" data-element_type=\"column\" data-settings=\"{&quot;background_background&quot;:&quot;classic&quot;}\">\n\t\t\t<div class=\"elementor-widget-wrap elementor-element-populated\">\n\t\t\t\t\t\t<div class=\"elementor-element elementor-element-515d273 elementor-widget elementor-widget-image\" data-id=\"515d273\" data-element_type=\"widget\" data-widget_type=\"image.default\">\n\t\t\t\t<div class=\"elementor-widget-container\">\n\t\t\t\t\t\t\t\t\t\t\t\t\t<img fetchpriority=\"high\" decoding=\"async\" width=\"302\" height=\"386\" src=\"https:\/\/eibpegomas.fr\/wp-content\/uploads\/2024\/01\/Screenshot_1-removebg-preview.png\" class=\"attachment-large size-large wp-image-169\" alt=\"EIB Nice Logo\" srcset=\"https:\/\/eibpegomas.fr\/wp-content\/uploads\/2024\/01\/Screenshot_1-removebg-preview.png 302w, https:\/\/eibpegomas.fr\/wp-content\/uploads\/2024\/01\/Screenshot_1-removebg-preview-235x300.png 235w\" sizes=\"(max-width: 302px) 100vw, 302px\" \/>\t\t\t\t\t\t\t\t\t\t\t\t\t<\/div>\n\t\t\t\t<\/div>\n\t\t\t\t<div class=\"elementor-element elementor-element-ec53e72 elementor-nav-menu__align-start elementor-nav-menu--dropdown-none elementor-widget elementor-widget-nav-menu\" data-id=\"ec53e72\" data-element_type=\"widget\" data-settings=\"{&quot;layout&quot;:&quot;vertical&quot;,&quot;submenu_icon&quot;:{&quot;value&quot;:&quot;&lt;svg class=\\&quot;e-font-icon-svg e-fas-caret-down\\&quot; viewBox=\\&quot;0 0 320 512\\&quot; xmlns=\\&quot;http:\\\/\\\/www.w3.org\\\/2000\\\/svg\\&quot;&gt;&lt;path d=\\&quot;M31.3 192h257.3c17.8 0 26.7 21.5 14.1 34.1L174.1 354.8c-7.8 7.8-20.5 7.8-28.3 0L17.2 226.1C4.6 213.5 13.5 192 31.3 192z\\&quot;&gt;&lt;\\\/path&gt;&lt;\\\/svg&gt;&quot;,&quot;library&quot;:&quot;fa-solid&quot;}}\" data-widget_type=\"nav-menu.default\">\n\t\t\t\t<div class=\"elementor-widget-container\">\n\t\t\t\t\t\t<nav aria-label=\"Menu\" class=\"elementor-nav-menu--main elementor-nav-menu__container elementor-nav-menu--layout-vertical e--pointer-background e--animation-fade\">\n\t\t\t\t<ul id=\"menu-1-ec53e72\" class=\"elementor-nav-menu sm-vertical\"><li class=\"menu-item menu-item-type-custom menu-item-object-custom menu-item-1031\"><a href=\"https:\/\/eibpegomas.fr\/en\/\" class=\"elementor-item menu-link\">EIB<\/a><\/li>\n<li class=\"menu-item menu-item-type-post_type menu-item-object-page menu-item-1032\"><a href=\"https:\/\/eibpegomas.fr\/en\/ecole\/\" class=\"elementor-item menu-link\">L\u2019\u00e9cole<\/a><\/li>\n<li class=\"menu-item menu-item-type-post_type menu-item-object-page menu-item-1033\"><a href=\"https:\/\/eibpegomas.fr\/en\/ecole\/vie-scolaire\/\" class=\"elementor-item menu-link\">School life<\/a><\/li>\n<li class=\"menu-item menu-item-type-post_type menu-item-object-page menu-item-1034\"><a href=\"https:\/\/eibpegomas.fr\/en\/ecole\/nos-valeurs\/\" class=\"elementor-item menu-link\">Our values<\/a><\/li>\n<li class=\"menu-item menu-item-type-post_type menu-item-object-page menu-item-1035\"><a href=\"https:\/\/eibpegomas.fr\/en\/ecole\/bilinguisme\/\" class=\"elementor-item menu-link\">Bilingualism<\/a><\/li>\n<li class=\"menu-item menu-item-type-post_type menu-item-object-page menu-item-1036\"><a href=\"https:\/\/eibpegomas.fr\/en\/primaire\/\" class=\"elementor-item menu-link\">Primary<\/a><\/li>\n<li class=\"menu-item menu-item-type-post_type menu-item-object-page menu-item-1037\"><a href=\"https:\/\/eibpegomas.fr\/en\/maternelle\/\" class=\"elementor-item menu-link\">Kindergarten<\/a><\/li>\n<li class=\"menu-item menu-item-type-post_type menu-item-object-page menu-item-1038\"><a href=\"https:\/\/eibpegomas.fr\/en\/cambridge\/\" class=\"elementor-item menu-link\">Cambridge<\/a><\/li>\n<li class=\"menu-item menu-item-type-post_type menu-item-object-page menu-item-1039\"><a href=\"https:\/\/eibpegomas.fr\/en\/inscription\/\" class=\"elementor-item menu-link\">Enrollment<\/a><\/li>\n<li class=\"menu-item menu-item-type-post_type menu-item-object-page menu-item-1040\"><a href=\"https:\/\/eibpegomas.fr\/en\/pre-inscription\/\" class=\"elementor-item menu-link\">Pr\u00e9-inscription \u00e0 l\u2019EIB P\u00e9gomas<\/a><\/li>\n<li class=\"menu-item menu-item-type-post_type menu-item-object-page menu-item-1041\"><a href=\"https:\/\/eibpegomas.fr\/en\/mini-club\/\" class=\"elementor-item menu-link\">Mini Club<\/a><\/li>\n<li class=\"menu-item menu-item-type-post_type menu-item-object-page menu-item-1042\"><a href=\"https:\/\/eibpegomas.fr\/en\/contact\/\" class=\"elementor-item menu-link\">Contact<\/a><\/li>\n<li class=\"menu-item menu-item-type-post_type menu-item-object-page menu-item-1043\"><a href=\"https:\/\/eibpegomas.fr\/en\/parents\/\" class=\"elementor-item menu-link\">Parents<\/a><\/li>\n<\/ul>\t\t\t<\/nav>\n\t\t\t\t\t\t<nav class=\"elementor-nav-menu--dropdown elementor-nav-menu__container\" aria-hidden=\"true\">\n\t\t\t\t<ul id=\"menu-2-ec53e72\" class=\"elementor-nav-menu sm-vertical\"><li class=\"menu-item menu-item-type-custom menu-item-object-custom menu-item-1031\"><a href=\"https:\/\/eibpegomas.fr\/en\/\" class=\"elementor-item menu-link\" tabindex=\"-1\">EIB<\/a><\/li>\n<li class=\"menu-item menu-item-type-post_type menu-item-object-page menu-item-1032\"><a href=\"https:\/\/eibpegomas.fr\/en\/ecole\/\" class=\"elementor-item menu-link\" tabindex=\"-1\">L\u2019\u00e9cole<\/a><\/li>\n<li class=\"menu-item menu-item-type-post_type menu-item-object-page menu-item-1033\"><a href=\"https:\/\/eibpegomas.fr\/en\/ecole\/vie-scolaire\/\" class=\"elementor-item menu-link\" tabindex=\"-1\">School life<\/a><\/li>\n<li class=\"menu-item menu-item-type-post_type menu-item-object-page menu-item-1034\"><a href=\"https:\/\/eibpegomas.fr\/en\/ecole\/nos-valeurs\/\" class=\"elementor-item menu-link\" tabindex=\"-1\">Our values<\/a><\/li>\n<li class=\"menu-item menu-item-type-post_type menu-item-object-page menu-item-1035\"><a href=\"https:\/\/eibpegomas.fr\/en\/ecole\/bilinguisme\/\" class=\"elementor-item menu-link\" tabindex=\"-1\">Bilingualism<\/a><\/li>\n<li class=\"menu-item menu-item-type-post_type menu-item-object-page menu-item-1036\"><a href=\"https:\/\/eibpegomas.fr\/en\/primaire\/\" class=\"elementor-item menu-link\" tabindex=\"-1\">Primary<\/a><\/li>\n<li class=\"menu-item menu-item-type-post_type menu-item-object-page menu-item-1037\"><a href=\"https:\/\/eibpegomas.fr\/en\/maternelle\/\" class=\"elementor-item menu-link\" tabindex=\"-1\">Kindergarten<\/a><\/li>\n<li class=\"menu-item menu-item-type-post_type menu-item-object-page menu-item-1038\"><a href=\"https:\/\/eibpegomas.fr\/en\/cambridge\/\" class=\"elementor-item menu-link\" tabindex=\"-1\">Cambridge<\/a><\/li>\n<li class=\"menu-item menu-item-type-post_type menu-item-object-page menu-item-1039\"><a href=\"https:\/\/eibpegomas.fr\/en\/inscription\/\" class=\"elementor-item menu-link\" tabindex=\"-1\">Enrollment<\/a><\/li>\n<li class=\"menu-item menu-item-type-post_type menu-item-object-page menu-item-1040\"><a href=\"https:\/\/eibpegomas.fr\/en\/pre-inscription\/\" class=\"elementor-item menu-link\" tabindex=\"-1\">Pr\u00e9-inscription \u00e0 l\u2019EIB P\u00e9gomas<\/a><\/li>\n<li class=\"menu-item menu-item-type-post_type menu-item-object-page menu-item-1041\"><a href=\"https:\/\/eibpegomas.fr\/en\/mini-club\/\" class=\"elementor-item menu-link\" tabindex=\"-1\">Mini Club<\/a><\/li>\n<li class=\"menu-item menu-item-type-post_type menu-item-object-page menu-item-1042\"><a href=\"https:\/\/eibpegomas.fr\/en\/contact\/\" class=\"elementor-item menu-link\" tabindex=\"-1\">Contact<\/a><\/li>\n<li class=\"menu-item menu-item-type-post_type menu-item-object-page menu-item-1043\"><a href=\"https:\/\/eibpegomas.fr\/en\/parents\/\" class=\"elementor-item menu-link\" tabindex=\"-1\">Parents<\/a><\/li>\n<\/ul>\t\t\t<\/nav>\n\t\t\t\t<\/div>\n\t\t\t\t<\/div>\n\t\t\t\t\t<\/div>\n\t\t<\/div>\n\t\t\t\t<div class=\"elementor-column elementor-col-50 elementor-top-column elementor-element elementor-element-146a6e16\" data-id=\"146a6e16\" data-element_type=\"column\" data-settings=\"{&quot;background_background&quot;:&quot;classic&quot;}\">\n\t\t\t<div class=\"elementor-widget-wrap elementor-element-populated\">\n\t\t\t\t\t\t<div class=\"elementor-element elementor-element-17a49f8 elementor-widget elementor-widget-text-editor\" data-id=\"17a49f8\" data-element_type=\"widget\" data-widget_type=\"text-editor.default\">\n\t\t\t\t<div class=\"elementor-widget-container\">\n\t\t\t\t\t\t\t<p class=\" translation-block\">In the heart of nature, on a two-hectare estate with a swimming pool and gym, our School welcomes children of all nationalities into small class sizes, fostering a new \u201cperspective\u201d on education by offering true bilingualism <strong>50% English, 50% French.<\/strong><\/p><p class=\" translation-block\">We provide all sections of <strong>KINDERGARTEN (from 2 years old)<\/strong> as well as <strong>PRIMARY<\/strong> school classes from first grade to fifth grade.<\/p><div class=\"text\">In a climate of open dialogue, respect, and trust, each child grows academically and socially. We prepare each child to live and act responsibly in society by providing them with the fundamental tools and the freedom to explore and create. We respect each child\u2019s capabilities, maturity, biological rhythm, family and social environment.<\/div><div class=\"w-100 d-flex justify-content-center mt-5\">\u00a0<\/div>\t\t\t\t\t\t<\/div>\n\t\t\t\t<\/div>\n\t\t\t\t<div class=\"elementor-element elementor-element-9cbc03a elementor-widget elementor-widget-video\" data-id=\"9cbc03a\" data-element_type=\"widget\" data-settings=\"{&quot;youtube_url&quot;:&quot;https:\\\/\\\/youtu.be\\\/S3zZvkbU9Vw&quot;,&quot;video_type&quot;:&quot;youtube&quot;,&quot;controls&quot;:&quot;yes&quot;}\" data-widget_type=\"video.default\">\n\t\t\t\t<div class=\"elementor-widget-container\">\n\t\t\t\t\t<div class=\"elementor-wrapper elementor-open-inline\">\n\t\t\t<div class=\"elementor-video\"><\/div>\t\t<\/div>\n\t\t\t\t<\/div>\n\t\t\t\t<\/div>\n\t\t\t\t<div class=\"elementor-element elementor-element-d804c0f elementor-widget elementor-widget-spacer\" data-id=\"d804c0f\" data-element_type=\"widget\" data-widget_type=\"spacer.default\">\n\t\t\t\t<div class=\"elementor-widget-container\">\n\t\t\t\t\t<div class=\"elementor-spacer\">\n\t\t\t<div class=\"elementor-spacer-inner\"><\/div>\n\t\t<\/div>\n\t\t\t\t<\/div>\n\t\t\t\t<\/div>\n\t\t\t\t\t<\/div>\n\t\t<\/div>\n\t\t\t\t\t<\/div>\n\t\t<\/section>\n\t\t\t\t<\/div>","protected":false},"excerpt":{"rendered":"<p>EIB P\u00c9GOMAS &#8211; L&rsquo;\u00c9COLE DE LA R\u00c9USSITE En pleine nature, sur un domaine de deux hectares avec piscine et salle [&hellip;]<\/p>","protected":false},"author":1,"featured_media":0,"parent":0,"menu_order":0,"comment_status":"closed","ping_status":"closed","template":"elementor_theme","meta":{"inline_featured_image":false,"site-sidebar-layout":"no-sidebar","site-content-layout":"","ast-site-content-layout":"full-width-container","site-content-style":"default","site-sidebar-style":"default","ast-global-header-display":"","ast-banner-title-visibility":"","ast-main-header-display":"","ast-hfb-above-header-display":"","ast-hfb-below-header-display":"","ast-hfb-mobile-header-display":"","site-post-title":"disabled","ast-breadcrumbs-content":"","ast-featured-img":"disabled","footer-sml-layout":"","theme-transparent-header-meta":"default","adv-header-id-meta":"","stick-header-meta":"","header-above-stick-meta":"","header-main-stick-meta":"","header-below-stick-meta":"","astra-migrate-meta-layouts":"set","ast-page-background-enabled":"default","ast-page-background-meta":{"desktop":{"background-color":"var(--ast-global-color-4)","background-image":"","background-repeat":"repeat","background-position":"center center","background-size":"auto","background-attachment":"scroll","background-type":"","background-media":"","overlay-type":"","overlay-color":"","overlay-gradient":""},"tablet":{"background-color":"","background-image":"","background-repeat":"repeat","background-position":"center center","background-size":"auto","background-attachment":"scroll","background-type":"","background-media":"","overlay-type":"","overlay-color":"","overlay-gradient":""},"mobile":{"background-color":"","background-image":"","background-repeat":"repeat","background-position":"center center","background-size":"auto","background-attachment":"scroll","background-type":"","background-media":"","overlay-type":"","overlay-color":"","overlay-gradient":""}},"ast-content-background-meta":{"desktop":{"background-color":"var(--ast-global-color-5)","background-image":"","background-repeat":"repeat","background-position":"center center","background-size":"auto","background-attachment":"scroll","background-type":"","background-media":"","overlay-type":"","overlay-color":"","overlay-gradient":""},"tablet":{"background-color":"var(--ast-global-color-5)","background-image":"","background-repeat":"repeat","background-position":"center center","background-size":"auto","background-attachment":"scroll","background-type":"","background-media":"","overlay-type":"","overlay-color":"","overlay-gradient":""},"mobile":{"background-color":"var(--ast-global-color-5)","background-image":"","background-repeat":"repeat","background-position":"center center","background-size":"auto","background-attachment":"scroll","background-type":"","background-media":"","overlay-type":"","overlay-color":"","overlay-gradient":""}},"footnotes":""},"class_list":["post-231","page","type-page","status-publish","hentry"],"yoast_head":"<!-- This site is optimized with the Yoast SEO plugin v23.8 - https:\/\/yoast.com\/wordpress\/plugins\/seo\/ -->\n<title>\u00c9cole Internationale Bilingue Campus P\u00e9gomas - L&#039;\u00e9cole<\/title>\n<meta name=\"description\" content=\"Notre r\u00f4le d\u2019\u00c9cole Internationale Bilingue est de favoriser l\u2019ouverture sur le monde en consid\u00e9rant la diversit\u00e9 linguistique comme un atout pour nos \u00e9l\u00e8ves.\" \/>\n<meta name=\"robots\" content=\"index, follow, max-snippet:-1, max-image-preview:large, max-video-preview:-1\" \/>\n<link rel=\"canonical\" href=\"https:\/\/eibpegomas.fr\/en\/ecole\/\" \/>\n<meta property=\"og:locale\" content=\"en_US\" \/>\n<meta property=\"og:type\" content=\"article\" \/>\n<meta property=\"og:title\" content=\"\u00c9cole Internationale Bilingue Campus P\u00e9gomas - L&#039;\u00e9cole\" \/>\n<meta property=\"og:description\" content=\"Notre r\u00f4le d\u2019\u00c9cole Internationale Bilingue est de favoriser l\u2019ouverture sur le monde en consid\u00e9rant la diversit\u00e9 linguistique comme un atout pour nos \u00e9l\u00e8ves.\" \/>\n<meta property=\"og:url\" content=\"https:\/\/eibpegomas.fr\/en\/ecole\/\" \/>\n<meta property=\"og:site_name\" content=\"EIB Campus de P\u00e9gomas - \u00c9cole Internationale Bilingue\" \/>\n<meta property=\"article:publisher\" content=\"https:\/\/www.facebook.com\/eibschools\" \/>\n<meta property=\"article:modified_time\" content=\"2024-04-06T20:45:58+00:00\" \/>\n<meta property=\"og:image\" content=\"https:\/\/eibpegomas.fr\/wp-content\/uploads\/2024\/01\/Screenshot_1-removebg-preview.png\" \/>\n<meta name=\"twitter:card\" content=\"summary_large_image\" \/>\n<meta name=\"twitter:label1\" content=\"Est. reading time\" \/>\n\t<meta name=\"twitter:data1\" content=\"2 minutes\" \/>\n<script type=\"application\/ld+json\" class=\"yoast-schema-graph\">{\"@context\":\"https:\/\/schema.org\",\"@graph\":[{\"@type\":\"WebPage\",\"@id\":\"https:\/\/eibpegomas.fr\/ecole\/\",\"url\":\"https:\/\/eibpegomas.fr\/ecole\/\",\"name\":\"\u00c9cole Internationale Bilingue Campus P\u00e9gomas - L'\u00e9cole\",\"isPartOf\":{\"@id\":\"https:\/\/eibpegomas.fr\/#website\"},\"primaryImageOfPage\":{\"@id\":\"https:\/\/eibpegomas.fr\/ecole\/#primaryimage\"},\"image\":{\"@id\":\"https:\/\/eibpegomas.fr\/ecole\/#primaryimage\"},\"thumbnailUrl\":\"https:\/\/eibpegomas.fr\/wp-content\/uploads\/2024\/01\/Screenshot_1-removebg-preview.png\",\"datePublished\":\"2024-02-02T13:56:18+00:00\",\"dateModified\":\"2024-04-06T20:45:58+00:00\",\"description\":\"Notre r\u00f4le d\u2019\u00c9cole Internationale Bilingue est de favoriser l\u2019ouverture sur le monde en consid\u00e9rant la diversit\u00e9 linguistique comme un atout pour nos \u00e9l\u00e8ves.\",\"breadcrumb\":{\"@id\":\"https:\/\/eibpegomas.fr\/ecole\/#breadcrumb\"},\"inLanguage\":\"en-US\",\"potentialAction\":[{\"@type\":\"ReadAction\",\"target\":[\"https:\/\/eibpegomas.fr\/ecole\/\"]}]},{\"@type\":\"ImageObject\",\"inLanguage\":\"en-US\",\"@id\":\"https:\/\/eibpegomas.fr\/ecole\/#primaryimage\",\"url\":\"https:\/\/eibpegomas.fr\/wp-content\/uploads\/2024\/01\/Screenshot_1-removebg-preview.png\",\"contentUrl\":\"https:\/\/eibpegomas.fr\/wp-content\/uploads\/2024\/01\/Screenshot_1-removebg-preview.png\"},{\"@type\":\"BreadcrumbList\",\"@id\":\"https:\/\/eibpegomas.fr\/ecole\/#breadcrumb\",\"itemListElement\":[{\"@type\":\"ListItem\",\"position\":1,\"name\":\"Accueil\",\"item\":\"https:\/\/eibpegomas.fr\/\"},{\"@type\":\"ListItem\",\"position\":2,\"name\":\"L&#8217;\u00e9cole\"}]},{\"@type\":\"WebSite\",\"@id\":\"https:\/\/eibpegomas.fr\/#website\",\"url\":\"https:\/\/eibpegomas.fr\/\",\"name\":\"EIB P\u00e9gomas - \u00c9cole Internationale Bilingue\",\"description\":\"\",\"publisher\":{\"@id\":\"https:\/\/eibpegomas.fr\/#organization\"},\"potentialAction\":[{\"@type\":\"SearchAction\",\"target\":{\"@type\":\"EntryPoint\",\"urlTemplate\":\"https:\/\/eibpegomas.fr\/?s={search_term_string}\"},\"query-input\":{\"@type\":\"PropertyValueSpecification\",\"valueRequired\":true,\"valueName\":\"search_term_string\"}}],\"inLanguage\":\"en-US\"},{\"@type\":\"Organization\",\"@id\":\"https:\/\/eibpegomas.fr\/#organization\",\"name\":\"EIB P\u00e9gomas - \u00c9cole Internationale Bilingue\",\"url\":\"https:\/\/eibpegomas.fr\/\",\"logo\":{\"@type\":\"ImageObject\",\"inLanguage\":\"en-US\",\"@id\":\"https:\/\/eibpegomas.fr\/#\/schema\/logo\/image\/\",\"url\":\"https:\/\/eibpegomas.fr\/wp-content\/uploads\/2024\/01\/Screenshot_1-removebg-preview.png\",\"contentUrl\":\"https:\/\/eibpegomas.fr\/wp-content\/uploads\/2024\/01\/Screenshot_1-removebg-preview.png\",\"width\":302,\"height\":386,\"caption\":\"EIB P\u00e9gomas - \u00c9cole Internationale Bilingue\"},\"image\":{\"@id\":\"https:\/\/eibpegomas.fr\/#\/schema\/logo\/image\/\"},\"sameAs\":[\"https:\/\/www.facebook.com\/eibschools\",\"https:\/\/www.instagram.com\/eibschools_\"]}]}<\/script>\n<!-- \/ Yoast SEO plugin. -->","yoast_head_json":{"title":"\u00c9cole Internationale Bilingue Campus P\u00e9gomas - L'\u00e9cole","description":"Notre r\u00f4le d\u2019\u00c9cole Internationale Bilingue est de favoriser l\u2019ouverture sur le monde en consid\u00e9rant la diversit\u00e9 linguistique comme un atout pour nos \u00e9l\u00e8ves.","robots":{"index":"index","follow":"follow","max-snippet":"max-snippet:-1","max-image-preview":"max-image-preview:large","max-video-preview":"max-video-preview:-1"},"canonical":"https:\/\/eibpegomas.fr\/en\/ecole\/","og_locale":"en_US","og_type":"article","og_title":"\u00c9cole Internationale Bilingue Campus P\u00e9gomas - L'\u00e9cole","og_description":"Notre r\u00f4le d\u2019\u00c9cole Internationale Bilingue est de favoriser l\u2019ouverture sur le monde en consid\u00e9rant la diversit\u00e9 linguistique comme un atout pour nos \u00e9l\u00e8ves.","og_url":"https:\/\/eibpegomas.fr\/en\/ecole\/","og_site_name":"EIB Campus de P\u00e9gomas - \u00c9cole Internationale Bilingue","article_publisher":"https:\/\/www.facebook.com\/eibschools","article_modified_time":"2024-04-06T20:45:58+00:00","og_image":[{"url":"https:\/\/eibpegomas.fr\/wp-content\/uploads\/2024\/01\/Screenshot_1-removebg-preview.png"}],"twitter_card":"summary_large_image","twitter_misc":{"Est. reading time":"2 minutes"},"schema":{"@context":"https:\/\/schema.org","@graph":[{"@type":"WebPage","@id":"https:\/\/eibpegomas.fr\/ecole\/","url":"https:\/\/eibpegomas.fr\/ecole\/","name":"\u00c9cole Internationale Bilingue Campus P\u00e9gomas - L'\u00e9cole","isPartOf":{"@id":"https:\/\/eibpegomas.fr\/#website"},"primaryImageOfPage":{"@id":"https:\/\/eibpegomas.fr\/ecole\/#primaryimage"},"image":{"@id":"https:\/\/eibpegomas.fr\/ecole\/#primaryimage"},"thumbnailUrl":"https:\/\/eibpegomas.fr\/wp-content\/uploads\/2024\/01\/Screenshot_1-removebg-preview.png","datePublished":"2024-02-02T13:56:18+00:00","dateModified":"2024-04-06T20:45:58+00:00","description":"Notre r\u00f4le d\u2019\u00c9cole Internationale Bilingue est de favoriser l\u2019ouverture sur le monde en consid\u00e9rant la diversit\u00e9 linguistique comme un atout pour nos \u00e9l\u00e8ves.","breadcrumb":{"@id":"https:\/\/eibpegomas.fr\/ecole\/#breadcrumb"},"inLanguage":"en-US","potentialAction":[{"@type":"ReadAction","target":["https:\/\/eibpegomas.fr\/ecole\/"]}]},{"@type":"ImageObject","inLanguage":"en-US","@id":"https:\/\/eibpegomas.fr\/ecole\/#primaryimage","url":"https:\/\/eibpegomas.fr\/wp-content\/uploads\/2024\/01\/Screenshot_1-removebg-preview.png","contentUrl":"https:\/\/eibpegomas.fr\/wp-content\/uploads\/2024\/01\/Screenshot_1-removebg-preview.png"},{"@type":"BreadcrumbList","@id":"https:\/\/eibpegomas.fr\/ecole\/#breadcrumb","itemListElement":[{"@type":"ListItem","position":1,"name":"Accueil","item":"https:\/\/eibpegomas.fr\/"},{"@type":"ListItem","position":2,"name":"L&#8217;\u00e9cole"}]},{"@type":"WebSite","@id":"https:\/\/eibpegomas.fr\/#website","url":"https:\/\/eibpegomas.fr\/","name":"EIB P\u00e9gomas - \u00c9cole Internationale Bilingue","description":"","publisher":{"@id":"https:\/\/eibpegomas.fr\/#organization"},"potentialAction":[{"@type":"SearchAction","target":{"@type":"EntryPoint","urlTemplate":"https:\/\/eibpegomas.fr\/?s={search_term_string}"},"query-input":{"@type":"PropertyValueSpecification","valueRequired":true,"valueName":"search_term_string"}}],"inLanguage":"en-US"},{"@type":"Organization","@id":"https:\/\/eibpegomas.fr\/#organization","name":"EIB P\u00e9gomas - \u00c9cole Internationale Bilingue","url":"https:\/\/eibpegomas.fr\/","logo":{"@type":"ImageObject","inLanguage":"en-US","@id":"https:\/\/eibpegomas.fr\/#\/schema\/logo\/image\/","url":"https:\/\/eibpegomas.fr\/wp-content\/uploads\/2024\/01\/Screenshot_1-removebg-preview.png","contentUrl":"https:\/\/eibpegomas.fr\/wp-content\/uploads\/2024\/01\/Screenshot_1-removebg-preview.png","width":302,"height":386,"caption":"EIB P\u00e9gomas - \u00c9cole Internationale Bilingue"},"image":{"@id":"https:\/\/eibpegomas.fr\/#\/schema\/logo\/image\/"},"sameAs":["https:\/\/www.facebook.com\/eibschools","https:\/\/www.instagram.com\/eibschools_"]}]}},"_links":{"self":[{"href":"https:\/\/eibpegomas.fr\/en\/wp-json\/wp\/v2\/pages\/231","targetHints":{"allow":["GET"]}}],"collection":[{"href":"https:\/\/eibpegomas.fr\/en\/wp-json\/wp\/v2\/pages"}],"about":[{"href":"https:\/\/eibpegomas.fr\/en\/wp-json\/wp\/v2\/types\/page"}],"author":[{"embeddable":true,"href":"https:\/\/eibpegomas.fr\/en\/wp-json\/wp\/v2\/users\/1"}],"replies":[{"embeddable":true,"href":"https:\/\/eibpegomas.fr\/en\/wp-json\/wp\/v2\/comments?post=231"}],"version-history":[{"count":47,"href":"https:\/\/eibpegomas.fr\/en\/wp-json\/wp\/v2\/pages\/231\/revisions"}],"predecessor-version":[{"id":1147,"href":"https:\/\/eibpegomas.fr\/en\/wp-json\/wp\/v2\/pages\/231\/revisions\/1147"}],"wp:attachment":[{"href":"https:\/\/eibpegomas.fr\/en\/wp-json\/wp\/v2\/media?parent=231"}],"curies":[{"name":"wp","href":"https:\/\/api.w.org\/{rel}","templated":true}]}}