{"id":473,"date":"2024-02-04T21:30:07","date_gmt":"2024-02-04T20:30:07","guid":{"rendered":"https:\/\/eibpegomas.fr\/?page_id=473"},"modified":"2026-04-08T12:05:30","modified_gmt":"2026-04-08T10:05:30","slug":"parents","status":"publish","type":"page","link":"https:\/\/eibpegomas.fr\/en\/parents\/","title":{"rendered":"Parents"},"content":{"rendered":"","protected":true},"excerpt":{"rendered":"","protected":true},"author":1,"featured_media":0,"parent":0,"menu_order":0,"comment_status":"closed","ping_status":"closed","template":"elementor_theme","meta":{"inline_featured_image":false,"site-sidebar-layout":"no-sidebar","site-content-layout":"","ast-site-content-layout":"full-width-container","site-content-style":"default","site-sidebar-style":"default","ast-global-header-display":"","ast-banner-title-visibility":"","ast-main-header-display":"","ast-hfb-above-header-display":"","ast-hfb-below-header-display":"","ast-hfb-mobile-header-display":"","site-post-title":"disabled","ast-breadcrumbs-content":"","ast-featured-img":"disabled","footer-sml-layout":"","theme-transparent-header-meta":"default","adv-header-id-meta":"","stick-header-meta":"","header-above-stick-meta":"","header-main-stick-meta":"","header-below-stick-meta":"","astra-migrate-meta-layouts":"set","ast-page-background-enabled":"default","ast-page-background-meta":{"desktop":{"background-color":"var(--ast-global-color-4)","background-image":"","background-repeat":"repeat","background-position":"center center","background-size":"auto","background-attachment":"scroll","background-type":"","background-media":"","overlay-type":"","overlay-color":"","overlay-gradient":""},"tablet":{"background-color":"","background-image":"","background-repeat":"repeat","background-position":"center center","background-size":"auto","background-attachment":"scroll","background-type":"","background-media":"","overlay-type":"","overlay-color":"","overlay-gradient":""},"mobile":{"background-color":"","background-image":"","background-repeat":"repeat","background-position":"center center","background-size":"auto","background-attachment":"scroll","background-type":"","background-media":"","overlay-type":"","overlay-color":"","overlay-gradient":""}},"ast-content-background-meta":{"desktop":{"background-color":"var(--ast-global-color-5)","background-image":"","background-repeat":"repeat","background-position":"center center","background-size":"auto","background-attachment":"scroll","background-type":"","background-media":"","overlay-type":"","overlay-color":"","overlay-gradient":""},"tablet":{"background-color":"var(--ast-global-color-5)","background-image":"","background-repeat":"repeat","background-position":"center center","background-size":"auto","background-attachment":"scroll","background-type":"","background-media":"","overlay-type":"","overlay-color":"","overlay-gradient":""},"mobile":{"background-color":"var(--ast-global-color-5)","background-image":"","background-repeat":"repeat","background-position":"center center","background-size":"auto","background-attachment":"scroll","background-type":"","background-media":"","overlay-type":"","overlay-color":"","overlay-gradient":""}},"footnotes":""},"class_list":["post-473","page","type-page","status-publish","post-password-required","hentry"],"yoast_head":"<!-- This site is optimized with the Yoast SEO plugin v23.8 - https:\/\/yoast.com\/wordpress\/plugins\/seo\/ -->\n<title>Parents - EIB Campus de P\u00e9gomas - \u00c9cole Internationale Bilingue<\/title>\n<meta name=\"description\" content=\"Notre r\u00f4le d\u2019\u00c9cole Internationale Bilingue est de favoriser l\u2019ouverture sur le monde en consid\u00e9rant la diversit\u00e9 linguistique comme un atout pour nos \u00e9l\u00e8ves.\" \/>\n<meta name=\"robots\" content=\"index, follow, max-snippet:-1, max-image-preview:large, max-video-preview:-1\" \/>\n<link rel=\"canonical\" href=\"https:\/\/eibpegomas.fr\/en\/parents\/\" \/>\n<meta property=\"og:locale\" content=\"en_US\" \/>\n<meta property=\"og:type\" content=\"article\" \/>\n<meta property=\"og:title\" content=\"Parents - EIB Campus de P\u00e9gomas - \u00c9cole Internationale Bilingue\" \/>\n<meta property=\"og:description\" content=\"Notre r\u00f4le d\u2019\u00c9cole Internationale Bilingue est de favoriser l\u2019ouverture sur le monde en consid\u00e9rant la diversit\u00e9 linguistique comme un atout pour nos \u00e9l\u00e8ves.\" \/>\n<meta property=\"og:url\" content=\"https:\/\/eibpegomas.fr\/en\/parents\/\" \/>\n<meta property=\"og:site_name\" content=\"EIB Campus de P\u00e9gomas - \u00c9cole Internationale Bilingue\" \/>\n<meta property=\"article:publisher\" content=\"https:\/\/www.facebook.com\/eibschools\" \/>\n<meta property=\"article:modified_time\" content=\"2026-04-08T10:05:30+00:00\" \/>\n<meta name=\"twitter:card\" content=\"summary_large_image\" \/>\n<meta name=\"twitter:label1\" content=\"Est. reading time\" \/>\n\t<meta name=\"twitter:data1\" content=\"4 minutes\" \/>\n<script type=\"application\/ld+json\" class=\"yoast-schema-graph\">{\"@context\":\"https:\/\/schema.org\",\"@graph\":[{\"@type\":\"WebPage\",\"@id\":\"https:\/\/eibpegomas.fr\/parents\/\",\"url\":\"https:\/\/eibpegomas.fr\/parents\/\",\"name\":\"Parents - EIB Campus de P\u00e9gomas - \u00c9cole Internationale Bilingue\",\"isPartOf\":{\"@id\":\"https:\/\/eibpegomas.fr\/#website\"},\"datePublished\":\"2024-02-04T20:30:07+00:00\",\"dateModified\":\"2026-04-08T10:05:30+00:00\",\"breadcrumb\":{\"@id\":\"https:\/\/eibpegomas.fr\/parents\/#breadcrumb\"},\"inLanguage\":\"en-US\"},{\"@type\":\"WebSite\",\"@id\":\"https:\/\/eibpegomas.fr\/#website\",\"url\":\"https:\/\/eibpegomas.fr\/\",\"name\":\"EIB P\u00e9gomas - \u00c9cole Internationale Bilingue\",\"description\":\"\",\"publisher\":{\"@id\":\"https:\/\/eibpegomas.fr\/#organization\"},\"potentialAction\":[{\"@type\":\"SearchAction\",\"target\":{\"@type\":\"EntryPoint\",\"urlTemplate\":\"https:\/\/eibpegomas.fr\/?s={search_term_string}\"},\"query-input\":{\"@type\":\"PropertyValueSpecification\",\"valueRequired\":true,\"valueName\":\"search_term_string\"}}],\"inLanguage\":\"en-US\"},{\"@type\":\"Organization\",\"@id\":\"https:\/\/eibpegomas.fr\/#organization\",\"name\":\"EIB P\u00e9gomas - \u00c9cole Internationale Bilingue\",\"url\":\"https:\/\/eibpegomas.fr\/\",\"logo\":{\"@type\":\"ImageObject\",\"inLanguage\":\"en-US\",\"@id\":\"https:\/\/eibpegomas.fr\/#\/schema\/logo\/image\/\",\"url\":\"https:\/\/eibpegomas.fr\/wp-content\/uploads\/2024\/01\/Screenshot_1-removebg-preview.png\",\"contentUrl\":\"https:\/\/eibpegomas.fr\/wp-content\/uploads\/2024\/01\/Screenshot_1-removebg-preview.png\",\"width\":302,\"height\":386,\"caption\":\"EIB P\u00e9gomas - \u00c9cole Internationale Bilingue\"},\"image\":{\"@id\":\"https:\/\/eibpegomas.fr\/#\/schema\/logo\/image\/\"},\"sameAs\":[\"https:\/\/www.facebook.com\/eibschools\",\"https:\/\/www.instagram.com\/eibschools_\"]}]}<\/script>\n<!-- \/ Yoast SEO plugin. -->","yoast_head_json":{"title":"Parents - EIB Campus de P\u00e9gomas - \u00c9cole Internationale Bilingue","description":"Notre r\u00f4le d\u2019\u00c9cole Internationale Bilingue est de favoriser l\u2019ouverture sur le monde en consid\u00e9rant la diversit\u00e9 linguistique comme un atout pour nos \u00e9l\u00e8ves.","robots":{"index":"index","follow":"follow","max-snippet":"max-snippet:-1","max-image-preview":"max-image-preview:large","max-video-preview":"max-video-preview:-1"},"canonical":"https:\/\/eibpegomas.fr\/en\/parents\/","og_locale":"en_US","og_type":"article","og_title":"Parents - EIB Campus de P\u00e9gomas - \u00c9cole Internationale Bilingue","og_description":"Notre r\u00f4le d\u2019\u00c9cole Internationale Bilingue est de favoriser l\u2019ouverture sur le monde en consid\u00e9rant la diversit\u00e9 linguistique comme un atout pour nos \u00e9l\u00e8ves.","og_url":"https:\/\/eibpegomas.fr\/en\/parents\/","og_site_name":"EIB Campus de P\u00e9gomas - \u00c9cole Internationale Bilingue","article_publisher":"https:\/\/www.facebook.com\/eibschools","article_modified_time":"2026-04-08T10:05:30+00:00","twitter_card":"summary_large_image","twitter_misc":{"Est. reading time":"4 minutes"},"schema":{"@context":"https:\/\/schema.org","@graph":[{"@type":"WebPage","@id":"https:\/\/eibpegomas.fr\/parents\/","url":"https:\/\/eibpegomas.fr\/parents\/","name":"Parents - EIB Campus de P\u00e9gomas - \u00c9cole Internationale Bilingue","isPartOf":{"@id":"https:\/\/eibpegomas.fr\/#website"},"datePublished":"2024-02-04T20:30:07+00:00","dateModified":"2026-04-08T10:05:30+00:00","breadcrumb":{"@id":"https:\/\/eibpegomas.fr\/parents\/#breadcrumb"},"inLanguage":"en-US"},{"@type":"WebSite","@id":"https:\/\/eibpegomas.fr\/#website","url":"https:\/\/eibpegomas.fr\/","name":"EIB P\u00e9gomas - \u00c9cole Internationale Bilingue","description":"","publisher":{"@id":"https:\/\/eibpegomas.fr\/#organization"},"potentialAction":[{"@type":"SearchAction","target":{"@type":"EntryPoint","urlTemplate":"https:\/\/eibpegomas.fr\/?s={search_term_string}"},"query-input":{"@type":"PropertyValueSpecification","valueRequired":true,"valueName":"search_term_string"}}],"inLanguage":"en-US"},{"@type":"Organization","@id":"https:\/\/eibpegomas.fr\/#organization","name":"EIB P\u00e9gomas - \u00c9cole Internationale Bilingue","url":"https:\/\/eibpegomas.fr\/","logo":{"@type":"ImageObject","inLanguage":"en-US","@id":"https:\/\/eibpegomas.fr\/#\/schema\/logo\/image\/","url":"https:\/\/eibpegomas.fr\/wp-content\/uploads\/2024\/01\/Screenshot_1-removebg-preview.png","contentUrl":"https:\/\/eibpegomas.fr\/wp-content\/uploads\/2024\/01\/Screenshot_1-removebg-preview.png","width":302,"height":386,"caption":"EIB P\u00e9gomas - \u00c9cole Internationale Bilingue"},"image":{"@id":"https:\/\/eibpegomas.fr\/#\/schema\/logo\/image\/"},"sameAs":["https:\/\/www.facebook.com\/eibschools","https:\/\/www.instagram.com\/eibschools_"]}]}},"_links":{"self":[{"href":"https:\/\/eibpegomas.fr\/en\/wp-json\/wp\/v2\/pages\/473","targetHints":{"allow":["GET"]}}],"collection":[{"href":"https:\/\/eibpegomas.fr\/en\/wp-json\/wp\/v2\/pages"}],"about":[{"href":"https:\/\/eibpegomas.fr\/en\/wp-json\/wp\/v2\/types\/page"}],"author":[{"embeddable":true,"href":"https:\/\/eibpegomas.fr\/en\/wp-json\/wp\/v2\/users\/1"}],"replies":[{"embeddable":true,"href":"https:\/\/eibpegomas.fr\/en\/wp-json\/wp\/v2\/comments?post=473"}],"version-history":[{"count":1006,"href":"https:\/\/eibpegomas.fr\/en\/wp-json\/wp\/v2\/pages\/473\/revisions"}],"predecessor-version":[{"id":2577,"href":"https:\/\/eibpegomas.fr\/en\/wp-json\/wp\/v2\/pages\/473\/revisions\/2577"}],"wp:attachment":[{"href":"https:\/\/eibpegomas.fr\/en\/wp-json\/wp\/v2\/media?parent=473"}],"curies":[{"name":"wp","href":"https:\/\/api.w.org\/{rel}","templated":true}]}}